{"id":1679,"date":"2015-10-29T14:20:56","date_gmt":"2015-10-29T14:20:56","guid":{"rendered":"https:\/\/www.european-show-equipment.com\/?page_id=1679&#038;lang=fr"},"modified":"2024-03-19T15:05:42","modified_gmt":"2024-03-19T15:05:42","slug":"mentions-legales","status":"publish","type":"page","link":"https:\/\/www.european-show-equipment.com\/fr\/mentions-legales\/","title":{"rendered":"Mentions l\u00e9gales"},"content":{"rendered":"\n<style type=\"text\/css\" data-created_by=\"avia_inline_auto\" id=\"style-css-av-av_section-71724251585ace869c43692c71b9d60a\">\n.avia-section.av-av_section-71724251585ace869c43692c71b9d60a .av-section-color-overlay{\nopacity:0.5;\nbackground-color:#191919;\n}\n<\/style>\n<div id='av_section_1'  class='avia-section av-av_section-71724251585ace869c43692c71b9d60a main_color avia-section-small avia-no-shadow  avia-builder-el-0  el_before_av_one_full  avia-builder-el-first  avia-bg-style-scroll av-section-color-overlay-active av-section-with-video-bg container_wrap fullsize'   data-section-video-ratio='16:9'><div  class='avia-slideshow av_slideshow_obj-1-69f3a07641551 avia-slideshow-featured av_slideshow avia-slide-slider av-slideshow-ui av-control-default av-slideshow-manual av-loop-once av-loop-manual-endless av-default-height-applied  av-section-video-bg avia-slideshow-1' data-slideshow-options=\"{&quot;animation&quot;:&quot;slide&quot;,&quot;autoplay&quot;:false,&quot;loop_autoplay&quot;:&quot;once&quot;,&quot;interval&quot;:5,&quot;loop_manual&quot;:&quot;manual-endless&quot;,&quot;autoplay_stopper&quot;:false,&quot;noNavigation&quot;:false,&quot;bg_slider&quot;:false,&quot;keep_padding&quot;:false,&quot;hoverpause&quot;:false,&quot;show_slide_delay&quot;:0}\"  itemprop=\"image\" =\"\" itemtype=\"https:\/\/schema.org\/ImageObject\" ><ul class='avia-slideshow-inner ' style='padding-bottom: 28.666666666667%;'><li  data-controls='disabled' data-mute='aviaTBaviaTBvideo_mute' data-loop='1' data-disable-autoplay=''  data-video-ratio='1.7777777777778' class='avia-slideshow-slide av_slideshow_obj-1-69f3a07641551__0  av-video-slide  av-video-service-html5  av-hide-video-controls av-mute-video av-loop-video  av-single-slide slide-1 slide-odd'><div data-rel='slideshow-1' class='avia-slide-wrap '    itemprop=\"video\" itemtype=\"https:\/\/schema.org\/VideoObject\" ><div class='av-click-overlay'><\/div><video class='avia_video'  autoplay playsinline loop preload=\"metadata\" muted  id='player_1679_1063167688_1720022555'><source src=\"https:\/\/www.european-show-equipment.com\/wp-content\/uploads\/2015\/09\/iStock_000023745543HD720.mp4\" type=\"video\/mp4\" \/><\/video><div class=\"av-click-to-play-overlay\"><div class=\"avia_playpause_icon\"><\/div><\/div><\/div><\/li><\/ul><\/div><div class=\"av-section-color-overlay-wrap\"><div class=\"av-section-color-overlay\"><\/div><div class='container av-section-cont-open' ><main  role=\"main\" itemprop=\"mainContentOfPage\"  class='template-page content  av-content-full alpha units'><div class='post-entry post-entry-type-page post-entry-1679'><div class='entry-content-wrapper clearfix'><\/div><\/div><\/main><!-- close content main element --><\/div><\/div><\/div><div id='after_section_1'  class='main_color av_default_container_wrap container_wrap fullsize'  ><div class='container av-section-cont-open' ><div class='template-page content  av-content-full alpha units'><div class='post-entry post-entry-type-page post-entry-1679'><div class='entry-content-wrapper clearfix'>\n\n<style type=\"text\/css\" data-created_by=\"avia_inline_auto\" id=\"style-css-av-av_one_full-352b07ef7d3bc99b2e9f92e7a9e06bdb\">\n.flex_column.av-av_one_full-352b07ef7d3bc99b2e9f92e7a9e06bdb{\n-webkit-border-radius:0px 0px 0px 0px;\n-moz-border-radius:0px 0px 0px 0px;\nborder-radius:0px 0px 0px 0px;\npadding:0px 0px 0px 0px;\n}\n<\/style>\n<div class='flex_column av-av_one_full-352b07ef7d3bc99b2e9f92e7a9e06bdb av_one_full  avia-builder-el-1  el_after_av_section  avia-builder-el-no-sibling  first flex_column_div av-zero-column-padding '     ><section  class='av_textblock_section av-ltyiapuf-757b2d73dba8749cec01f578068d3932'  =\"\" itemtype=\"https:\/\/schema.org\/CreativeWork\" ><div class='avia_textblock'  itemprop=\"text\" ><h1 class=\"postTitle\">Impressum<\/h1>\n<p class=\"postTitle\">Verantwortlich f\u00fcr den Inhalt dieser Website nach TDG:<\/p>\n<p><strong>ESE Service and Trade GmbH<\/strong><\/p>\n<p>Pinkertweg 47<\/p>\n<p>22113 Hamburg \/ Germany<\/p>\n<p><strong>Kontakt:<\/strong><br \/>\nPhone.: +49 40 386 52 97 \u2013 0<br \/>\nFax: +49 40 386 52 97 \u2013 6<\/p>\n<p>eMail: info@european-show-equipment.com<\/p>\n<p><strong>Gesch\u00e4ftsf\u00fchrer:<\/strong><br \/>\nJens Rau<\/p>\n<p><strong>Sitz der Gesellschaft:<\/strong><br \/>\nHamburg<br \/>\nHandelsregister: Hamburg HRB 114189<br \/>\nUmsatzsteueridentifikationsnummer: VAT-Nr.: DE272118084<\/p>\n<p>Inhaltlich Verantwortlicher gem\u00e4\u00df \u00a7 10 Absatz 3 MDStV:<br \/>\nJens Rau<\/p>\n<h2>Rechtshinweise<\/h2>\n<p>Alle in diesen Internetseiten enthaltenen Angaben und Informationen wurden von ESE European Show Equipment GmbH oder Dritten sorgf\u00e4ltig recherchiert und gepr\u00fcft.<\/p>\n<p>F\u00fcr Richtigkeit, Vollst\u00e4ndigkeit und Aktualit\u00e4t k\u00f6nnen weder ESE noch dritte Lieferanten die Haftung \u00fcbernehmen. Alle Informationen dienen ausschlie\u00dflich zur Information der Besucher der Webseite: www.european-show-equipment.com. Im \u00dcbrigen ist die Haftung auf Vorsatz oder grobe Fahrl\u00e4ssigkeit beschr\u00e4nkt. F\u00fcr Internetseiten Dritter, auf diese Seite durch Hyperlink verweist, tragen die jeweiligen Anbieter die Verantwortung. Diese Seite ist f\u00fcr den Inhalt solcher Seiten Dritter nicht verantwortlich. Des Weiteren kann die Web-Seite ohne Wissen von ESE von einer anderen Web-Seite mittels Hyperlink angelinkt worden sein. Die Webseite www.european-show-equipment.com und Inhaber ESE \u00fcbernimmt keine Verantwortung f\u00fcr Darstellungen, Inhalt oder irgendeine Verbindung zu www.european-show-equipment.com in Web-Seiten Dritter.<\/p>\n<p>Au\u00dferdem beh\u00e4lt sich ESE das Recht vor, \u00c4nderungen oder Erg\u00e4nzungen der bereitgestellten Informationen vorzunehmen. Inhalt und Struktur der Web-Seite von ESE sind urheberrechtlich gesch\u00fctzt. Die Vervielf\u00e4ltigung von Informationen oder Daten, insbesondere die Verwendung von Texten, Textteilen oder Bildmaterial bedarf der ausdr\u00fccklichen vorherigen Zustimmung von ESE.<\/p>\n<p>Alle auf diesen Seiten verwendeten Fotos wurden von ESE zur Verf\u00fcgung gestellt. Die Rechte an diesen Fotos sowie allen weiteren Texten und Daten liegen, soweit nicht anders vermerkt, bei ESE.<\/p>\n<p>Die Fotos, Daten und Texte d\u00fcrfen ohne vorherige Zustimmung von ESE sowie Quellenangabe weder gespeichert noch anderweitig verwendet werden. Die Rechte f\u00fcr die auf dieser Seite abgebildeten Logos liegen bei den jeweiligen Personen.<\/p>\n<p>Angabe gem\u00e4\u00df \u00a76 Anbieterkennzeichnung des TDG (Teledienstgesetz).<\/p>\n<p>Verantwortlicher im Sinne des \u00a7 10 Absatz 3 Mediendienste-Staatsvertrag: E.S.E.<\/p>\n<\/div><\/section><\/div>\n","protected":false},"excerpt":{"rendered":"","protected":false},"author":1,"featured_media":0,"parent":0,"menu_order":100,"comment_status":"closed","ping_status":"open","template":"","meta":{"footnotes":""},"class_list":["post-1679","page","type-page","status-publish"],"yoast_head":"<!-- This site is optimized with the Yoast SEO Premium plugin v21.8 (Yoast SEO v27.5) - https:\/\/yoast.com\/product\/yoast-seo-premium-wordpress\/ -->\n<title>Mentions l\u00e9gales - ESE European Show Equipment<\/title>\n<meta name=\"robots\" content=\"noindex, follow\" \/>\n<meta property=\"og:locale\" content=\"fr_FR\" \/>\n<meta property=\"og:type\" content=\"article\" \/>\n<meta property=\"og:title\" content=\"Mentions l\u00e9gales\" \/>\n<meta property=\"og:url\" content=\"https:\/\/www.european-show-equipment.com\/fr\/mentions-legales\/\" \/>\n<meta property=\"og:site_name\" content=\"ESE European Show Equipment\" \/>\n<meta property=\"article:publisher\" content=\"https:\/\/www.facebook.com\/ese.european.show.equipment\" \/>\n<meta property=\"article:modified_time\" content=\"2024-03-19T15:05:42+00:00\" \/>\n<meta name=\"twitter:card\" content=\"summary_large_image\" \/>\n<meta name=\"twitter:site\" content=\"@europeanshow\" \/>\n<meta name=\"twitter:label1\" content=\"Dur\u00e9e de lecture estim\u00e9e\" \/>\n\t<meta name=\"twitter:data1\" content=\"2 minutes\" \/>\n<script type=\"application\/ld+json\" class=\"yoast-schema-graph\">{\"@context\":\"https:\\\/\\\/schema.org\",\"@graph\":[{\"@type\":\"WebPage\",\"@id\":\"https:\\\/\\\/www.european-show-equipment.com\\\/fr\\\/mentions-legales\\\/\",\"url\":\"https:\\\/\\\/www.european-show-equipment.com\\\/fr\\\/mentions-legales\\\/\",\"name\":\"Mentions l\u00e9gales - ESE European Show Equipment\",\"isPartOf\":{\"@id\":\"https:\\\/\\\/www.european-show-equipment.com\\\/fr\\\/#website\"},\"breadcrumb\":{\"@id\":\"https:\\\/\\\/www.european-show-equipment.com\\\/fr\\\/mentions-legales\\\/#breadcrumb\"},\"inLanguage\":\"fr-FR\",\"potentialAction\":[{\"@type\":\"ReadAction\",\"target\":[\"https:\\\/\\\/www.european-show-equipment.com\\\/fr\\\/mentions-legales\\\/\"]}]},{\"@type\":\"BreadcrumbList\",\"@id\":\"https:\\\/\\\/www.european-show-equipment.com\\\/fr\\\/mentions-legales\\\/#breadcrumb\",\"itemListElement\":[{\"@type\":\"ListItem\",\"position\":1,\"name\":\"Home\",\"item\":\"https:\\\/\\\/www.european-show-equipment.com\\\/fr\\\/accueil\\\/\"},{\"@type\":\"ListItem\",\"position\":2,\"name\":\"Mentions l\u00e9gales\"}]},{\"@type\":\"WebSite\",\"@id\":\"https:\\\/\\\/www.european-show-equipment.com\\\/fr\\\/#website\",\"url\":\"https:\\\/\\\/www.european-show-equipment.com\\\/fr\\\/\",\"name\":\"ESE European Show Equipment\",\"description\":\"Your Partner For Professional Show Equipment\",\"publisher\":{\"@id\":\"https:\\\/\\\/www.european-show-equipment.com\\\/fr\\\/#organization\"},\"potentialAction\":[{\"@type\":\"SearchAction\",\"target\":{\"@type\":\"EntryPoint\",\"urlTemplate\":\"https:\\\/\\\/www.european-show-equipment.com\\\/fr\\\/?s={search_term_string}\"},\"query-input\":{\"@type\":\"PropertyValueSpecification\",\"valueRequired\":true,\"valueName\":\"search_term_string\"}}],\"inLanguage\":\"fr-FR\"},{\"@type\":\"Organization\",\"@id\":\"https:\\\/\\\/www.european-show-equipment.com\\\/fr\\\/#organization\",\"name\":\"ESE European Show Equipment\",\"url\":\"https:\\\/\\\/www.european-show-equipment.com\\\/fr\\\/\",\"logo\":{\"@type\":\"ImageObject\",\"inLanguage\":\"fr-FR\",\"@id\":\"https:\\\/\\\/www.european-show-equipment.com\\\/fr\\\/#\\\/schema\\\/logo\\\/image\\\/\",\"url\":\"https:\\\/\\\/www.european-show-equipment.com\\\/wp-content\\\/uploads\\\/2021\\\/01\\\/logo_ESE_sm_.jpg\",\"contentUrl\":\"https:\\\/\\\/www.european-show-equipment.com\\\/wp-content\\\/uploads\\\/2021\\\/01\\\/logo_ESE_sm_.jpg\",\"width\":221,\"height\":46,\"caption\":\"ESE European Show Equipment\"},\"image\":{\"@id\":\"https:\\\/\\\/www.european-show-equipment.com\\\/fr\\\/#\\\/schema\\\/logo\\\/image\\\/\"},\"sameAs\":[\"https:\\\/\\\/www.facebook.com\\\/ese.european.show.equipment\",\"https:\\\/\\\/x.com\\\/europeanshow\",\"https:\\\/\\\/www.linkedin.com\\\/company\\\/ese-european-show-equipment\\\/\"]}]}<\/script>\n<!-- \/ Yoast SEO Premium plugin. -->","yoast_head_json":{"title":"Mentions l\u00e9gales - ESE European Show Equipment","robots":{"index":"noindex","follow":"follow"},"og_locale":"fr_FR","og_type":"article","og_title":"Mentions l\u00e9gales","og_url":"https:\/\/www.european-show-equipment.com\/fr\/mentions-legales\/","og_site_name":"ESE European Show Equipment","article_publisher":"https:\/\/www.facebook.com\/ese.european.show.equipment","article_modified_time":"2024-03-19T15:05:42+00:00","twitter_card":"summary_large_image","twitter_site":"@europeanshow","twitter_misc":{"Dur\u00e9e de lecture estim\u00e9e":"2 minutes"},"schema":{"@context":"https:\/\/schema.org","@graph":[{"@type":"WebPage","@id":"https:\/\/www.european-show-equipment.com\/fr\/mentions-legales\/","url":"https:\/\/www.european-show-equipment.com\/fr\/mentions-legales\/","name":"Mentions l\u00e9gales - ESE European Show Equipment","isPartOf":{"@id":"https:\/\/www.european-show-equipment.com\/fr\/#website"},"breadcrumb":{"@id":"https:\/\/www.european-show-equipment.com\/fr\/mentions-legales\/#breadcrumb"},"inLanguage":"fr-FR","potentialAction":[{"@type":"ReadAction","target":["https:\/\/www.european-show-equipment.com\/fr\/mentions-legales\/"]}]},{"@type":"BreadcrumbList","@id":"https:\/\/www.european-show-equipment.com\/fr\/mentions-legales\/#breadcrumb","itemListElement":[{"@type":"ListItem","position":1,"name":"Home","item":"https:\/\/www.european-show-equipment.com\/fr\/accueil\/"},{"@type":"ListItem","position":2,"name":"Mentions l\u00e9gales"}]},{"@type":"WebSite","@id":"https:\/\/www.european-show-equipment.com\/fr\/#website","url":"https:\/\/www.european-show-equipment.com\/fr\/","name":"ESE European Show Equipment","description":"Your Partner For Professional Show Equipment","publisher":{"@id":"https:\/\/www.european-show-equipment.com\/fr\/#organization"},"potentialAction":[{"@type":"SearchAction","target":{"@type":"EntryPoint","urlTemplate":"https:\/\/www.european-show-equipment.com\/fr\/?s={search_term_string}"},"query-input":{"@type":"PropertyValueSpecification","valueRequired":true,"valueName":"search_term_string"}}],"inLanguage":"fr-FR"},{"@type":"Organization","@id":"https:\/\/www.european-show-equipment.com\/fr\/#organization","name":"ESE European Show Equipment","url":"https:\/\/www.european-show-equipment.com\/fr\/","logo":{"@type":"ImageObject","inLanguage":"fr-FR","@id":"https:\/\/www.european-show-equipment.com\/fr\/#\/schema\/logo\/image\/","url":"https:\/\/www.european-show-equipment.com\/wp-content\/uploads\/2021\/01\/logo_ESE_sm_.jpg","contentUrl":"https:\/\/www.european-show-equipment.com\/wp-content\/uploads\/2021\/01\/logo_ESE_sm_.jpg","width":221,"height":46,"caption":"ESE European Show Equipment"},"image":{"@id":"https:\/\/www.european-show-equipment.com\/fr\/#\/schema\/logo\/image\/"},"sameAs":["https:\/\/www.facebook.com\/ese.european.show.equipment","https:\/\/x.com\/europeanshow","https:\/\/www.linkedin.com\/company\/ese-european-show-equipment\/"]}]}},"_links":{"self":[{"href":"https:\/\/www.european-show-equipment.com\/fr\/wp-json\/wp\/v2\/pages\/1679","targetHints":{"allow":["GET"]}}],"collection":[{"href":"https:\/\/www.european-show-equipment.com\/fr\/wp-json\/wp\/v2\/pages"}],"about":[{"href":"https:\/\/www.european-show-equipment.com\/fr\/wp-json\/wp\/v2\/types\/page"}],"author":[{"embeddable":true,"href":"https:\/\/www.european-show-equipment.com\/fr\/wp-json\/wp\/v2\/users\/1"}],"replies":[{"embeddable":true,"href":"https:\/\/www.european-show-equipment.com\/fr\/wp-json\/wp\/v2\/comments?post=1679"}],"version-history":[{"count":0,"href":"https:\/\/www.european-show-equipment.com\/fr\/wp-json\/wp\/v2\/pages\/1679\/revisions"}],"wp:attachment":[{"href":"https:\/\/www.european-show-equipment.com\/fr\/wp-json\/wp\/v2\/media?parent=1679"}],"curies":[{"name":"wp","href":"https:\/\/api.w.org\/{rel}","templated":true}]}}